{"id":18,"date":"2011-07-24T16:50:22","date_gmt":"2011-07-24T14:50:22","guid":{"rendered":"http:\/\/www.praxis-rasting.de\/wordpress\/?page_id=18"},"modified":"2024-10-28T17:41:14","modified_gmt":"2024-10-28T15:41:14","slug":"kosten","status":"publish","type":"page","link":"http:\/\/www.praxis-rasting.de\/wordpress\/kosten","title":{"rendered":"Kosten"},"content":{"rendered":"<div id=\"inhaltswrapper\">\n<div id=\"inhalt\">\n<p>Grundlage der Abrechnung der Leistungen f\u00fcr Ihre Psychotherapie ist die Geb\u00fchrenordnung f\u00fcr Psychologische Psychotherapeuten (GOP) sowie der Einheitliche Bewertungsma\u00dfstab EBM http:\/\/www.kbv.de\/html\/ebm.php.<\/p>\n<h2>Kosten\u00fcbernahme<\/h2>\n<p>Mit Patienten, die in einer <strong><em>Privaten Krankenversicherungen <\/em><\/strong>oder \u00fcber die<strong><em> Beihilfe<\/em><\/strong> versichert sind, sowie mit <strong><em>Selbstzahlern<\/em><\/strong> vereinbare ich ein Honorar in H\u00f6he des 3,5 fachen Satzes der GOP. Aktuell sind dies \u20ac 140,76.<\/p>\n<p><strong><em>Mitglieder der Gesetzliche Krankenkassen<\/em><\/strong> k\u00f6nnen bei mir wie bei anderen fach\u00e4rztlichen Behandlern eine Beratung und Behandlung erhalten. Zu einem ersten Gespr\u00e4ch brauchen Sie lediglich Ihre Versichertenkarte mitzubringen. Ist eine Therapie geplant, so gehe ich gemeinsam mit dem Patienten die entsprechenden Antragsschritte durch. Bewilligt werden dann in Abh\u00e4ngigkeit von dem gew\u00e4hlten Verfahren (Kurzzeittherapie, tiefenpsychologische fundierte Psychotherapie, analytische Psychotherapie oder Gruppentherapie) gesetzlich geregelte Kontingente\u00a0http:\/\/www.kbv.de\/html\/themen_5367.php.<\/p>\n<p>Bei einer\u00a0<em><strong>Paartherapie\u00a0<\/strong>\u00a0<\/em>werden die Kosten durch das Paar getragen, da diese nicht durch Krankenkassen oder andere Kostentr\u00e4ger erstattet werden. Paargespr\u00e4che finden in einer Doppelstunde (90 min) statt, die Kosten betragen 200 \u20ac pro Termin, es empfehlen sich 2 Termine im Monat \u00fcber einen Zeitraum von mindestens 6 Monaten.<\/p>\n<p>Das von mir angebotene\u00a0<em><strong>Coaching <\/strong><\/em>findet in Einzel- oder Doppestunden (90 min) statt. F\u00fcr eine Einzelstunde stelle ich 200 \u20ac, f\u00fcr eine Doppelstunde 300 \u20ac in Rechnung.<\/p>\n<p>Dr. Marcus Rasting\u00a0\u00a0 Praxis f\u00fcr Psychoanalyse und Psychotherapie<\/p>\n<p>Bismarckstrasse 51 50672 K\u00f6ln \u00a0 \u00a0 \u00a0Tel. 0221\/ 17044700 \u00a0 \u00a0www.praxis-rasting.de<br \/>\n<script type=\"text\/javascript\">\/\/ <![CDATA[\nvar _gaq = _gaq || []; _gaq.push(['_setAccount', 'UA-25863001-1']); _gaq.push(['_trackPageview']); (function() { var ga = document.createElement('script'); ga.type = 'text\/javascript'; ga.async = true; ga.src = ('https:' == document.location.protocol ? 'https:\/\/ssl' : 'http:\/\/www') + '.google-analytics.com\/ga.js'; var s = document.getElementsByTagName('script')[0]; s.parentNode.insertBefore(ga, s); })();<br \/>\n\/\/ ]]><\/script><\/p>\n<\/div>\n<\/div>\n","protected":false},"excerpt":{"rendered":"<p>Grundlage der Abrechnung der Leistungen f\u00fcr Ihre Psychotherapie ist die Geb\u00fchrenordnung f\u00fcr Psychologische Psychotherapeuten (GOP) sowie der Einheitliche Bewertungsma\u00dfstab EBM http:\/\/www.kbv.de\/html\/ebm.php. Kosten\u00fcbernahme Mit Patienten, die in einer Privaten Krankenversicherungen oder \u00fcber die Beihilfe versichert sind, sowie mit Selbstzahlern vereinbare ich ein Honorar in H\u00f6he des 3,5 fachen Satzes der GOP. Aktuell sind dies \u20ac 140,76. &hellip; <\/p>\n<p class=\"link-more\"><a href=\"http:\/\/www.praxis-rasting.de\/wordpress\/kosten\" class=\"more-link\"><span class=\"screen-reader-text\">\u201eKosten\u201c<\/span> weiterlesen<\/a><\/p>\n","protected":false},"author":1,"featured_media":0,"parent":0,"menu_order":10,"comment_status":"closed","ping_status":"closed","template":"","meta":{"footnotes":""},"class_list":["post-18","page","type-page","status-publish","hentry"],"aioseo_notices":[],"_links":{"self":[{"href":"http:\/\/www.praxis-rasting.de\/wordpress\/wp-json\/wp\/v2\/pages\/18","targetHints":{"allow":["GET"]}}],"collection":[{"href":"http:\/\/www.praxis-rasting.de\/wordpress\/wp-json\/wp\/v2\/pages"}],"about":[{"href":"http:\/\/www.praxis-rasting.de\/wordpress\/wp-json\/wp\/v2\/types\/page"}],"author":[{"embeddable":true,"href":"http:\/\/www.praxis-rasting.de\/wordpress\/wp-json\/wp\/v2\/users\/1"}],"replies":[{"embeddable":true,"href":"http:\/\/www.praxis-rasting.de\/wordpress\/wp-json\/wp\/v2\/comments?post=18"}],"version-history":[{"count":18,"href":"http:\/\/www.praxis-rasting.de\/wordpress\/wp-json\/wp\/v2\/pages\/18\/revisions"}],"predecessor-version":[{"id":298,"href":"http:\/\/www.praxis-rasting.de\/wordpress\/wp-json\/wp\/v2\/pages\/18\/revisions\/298"}],"wp:attachment":[{"href":"http:\/\/www.praxis-rasting.de\/wordpress\/wp-json\/wp\/v2\/media?parent=18"}],"curies":[{"name":"wp","href":"https:\/\/api.w.org\/{rel}","templated":true}]}}