{"id":12,"date":"2008-07-07T15:13:20","date_gmt":"2008-07-07T13:13:20","guid":{"rendered":"http:\/\/www.praxis-rasting.de\/wordpress\/?page_id=12"},"modified":"2023-02-15T13:58:42","modified_gmt":"2023-02-15T11:58:42","slug":"gruppenpsychotherapie","status":"publish","type":"page","link":"http:\/\/www.praxis-rasting.de\/wordpress\/psychotherapie\/gruppenpsychotherapie","title":{"rendered":"Gruppenpsychotherapie"},"content":{"rendered":"<p>Gruppentherapie ist ein hoch wirksames Verfahren, das f\u00fcr eine Vielzahl von psychischen St\u00f6rungen und Fragestellungen geeignet ist. Viele Patienten f\u00fcrchten, da\u00df eine Gruppentherapie weniger wirksam ist, da man sozusagen den Therapeuten mit vielen Patienten zu teilen h\u00e4tte. Diese nachvollziehbare Bef\u00fcrchtung trifft nicht zu, das belegen sowohl wissenschaftliche Studien wie auch meine pers\u00f6nliche Erfahrung sowie die Berichte von Patienten. Informieren Sie sich im Folgenden \u00fcber einige der h\u00e4ufigsten Fragen bez\u00fcglich Gruppentherapie, dar\u00fcber hinaus empfehle ich immer auch ein pers\u00f6nliches Gespr\u00e4ch, um gemeinsam mit dem Therapeuten zu kl\u00e4ren, ob eine Gruppentherapie das geeignete Verfahren f\u00fcr den Einzelnen darstellt.<\/p>\n<p><strong>Was hat man sich unter einer Gruppentherapie vorzustellen?<\/strong><\/p>\n<p>In der Regel besteht die Gruppe aus etwa 8 Patienten sowie 1-2 Therapeuten und \u00a0sollte etwa 1,5 &#8211; 2 Jahren dauern, um ausreichend wirksam zu sein. Da die Gruppe so lange besteht, ist es m\u00f6glich, ein Gruppenklima von Offenheit und Vertrauen zu bilden.<\/p>\n<p><strong>Wie wirkt Gruppenpsychotherapie?<\/strong><\/p>\n<p>Bei der Gruppentherapie k\u00f6nnen verschiedene Mechanismen der Ver\u00e4nderung genutzt werden. F\u00fcr viele ist allein der\u00a0offene und vertrauensvolle Austausch bereits entlastend und erm\u00f6glicht eine\u00a0andere Sichtweise auf sich und die eigenen Probleme. Dar\u00fcber hinaus entwickelt sich ein therapeutischer Prozess der Selbst-Erfahrung, der es einem em\u00f6glicht, mehr \u00fcber die oft unbewu\u00dften eigenen Mechanismen zu erfahren, die zu den Problemen gef\u00fchrt haben.<\/p>\n<p>Ein Beispiel: Frank war wegen &#8222;Depressionen&#8220; in die Gruppe gekommen. Durch die Nachfragen der anderen Gruppenteilnehmer wurde f\u00fcr ihn und die anderen bald deutlich, da\u00df diese Depression sich immer wieder einstellte, wenn er gleichzeitig w\u00fctend war und sich hilflos f\u00fchlte, die Wut anderen zu zeigen. Es konnte gut verstanden werden, da\u00df einen wesentlichen Anteil an diesen Schwierigkeiten seine Beziehung zu seinem Vater hatte, der jede Form der Auflehnung mit heftigen Reaktionen und Strafen belegt hatte. \u00c4hnlich erlebte er sich in der Gegenwart seines Vorgesetzten. Allein das Verstehen und die Ratschl\u00e4ge der Gruppenmitglieder erm\u00f6glichten ihm, offener seine Gef\u00fchle zu zeigen.<\/p>\n<p>Dieses Beispiel zeigt, da\u00df die Gruppe bereits durch den offenen Austausch ein hohes Ver\u00e4nderungspotential hat. Allerdings verf\u00fcgt eine gut funktionierende Gruppe noch \u00fcber andere M\u00f6glichkeiten, die im Folgenden beschrieben werden sollen. Frank stellte im Verlauf der Gruppe fest, da\u00df ihm Karl, ein \u00e4lterer Mann in der Gruppe, immer wieder auf die Nerven ging. Durch die Gruppenregel, \u00fcber alle Gef\u00fchle in der Gruppe zu sprechen, fand er den Mut, Karl dies zu sagen. Erst nun gelang es ihm und der Gruppe zu verstehen, da\u00df sich auch in der Gruppe der Mechanismus wiederholte, den er bei seinem Vorgesetzten erlebt. Hierdurch wurde es m\u00f6glich, seine zugrundeliegende Problematik direkt in der Gruppe zu bearbeiten und neue M\u00f6glichkeiten auszuloten, mit seiner Wut umzugehen. Schritt f\u00fcr Schritt gelang es, seine Hilflosigkeit mit Hilfe der Gruppe zu \u00fcberwinden.<\/p>\n<p><strong>Was unterscheidet eine Gruppentherapie von anderen Verfahren?<\/strong><\/p>\n<p>Nach meiner Erfahrung und der vieler anderer Therapeuten und Patienten gibt es spezifische Faktoren in einer Gruppentherapie, die kein anderes therapeutisches Verfahren anbieten kann. Einige davon sind:<\/p>\n<ul>\n<li><strong>Gef\u00fchl der Zugeh\u00f6rigkeit<\/strong>: obwohl wir durch den Zeitgeist sehr auf unsere individuellen Lebensm\u00f6glichkeiten hin orientiert sind, ist meiner Auffassung nach der Mensch ein zutiefst soziales Wesen. Das Gef\u00fchl, einer Therapiegruppe anzugeh\u00f6ren, vermittelt Sicherheit und Orientierung, gerade auch wenn Beziehungsprobleme dazu f\u00fchren, da\u00df man sich einsam f\u00fchlt oder von wichtigen Menschen getrennt erlebt. Aber auch der Stolz, als Gruppe Probleme gemeistert zu haben, indem man beispielsweise einem Gruppenmitglied durch eine schwere Zeit geholfen hat, verbindet in einem sehr guten Sinn.<\/li>\n<li><strong>Akzeptanz der eigenen Erkrankung und Schwierigkeiten<\/strong>: Oft f\u00fchlt man sich durch eine psychische Erkrankung besch\u00e4mt und denkt, da\u00df kaum jemand diese \u00c4ngste, Phantasien oder Gef\u00fchle nachvollziehen, geschweige denn akzeptieren kann. Auch bei \u00c4rzten oder Therapeuten haben Patienten oft das Gef\u00fchl, diese seien eben professionell genug, ihnen nicht die vermutete Ablehnung oder Irritation zu zeigen. Erst im wirklich nahen Austausch mit anderen Patienten gelingt es, sowohl das Eigene besser zu akzeptieren als auch zu verstehen, warum es so schwer ist, diese Seite an sich zu akzeptieren.<\/li>\n<li><strong>Hilfreich f\u00fcr andere sein<\/strong>: Immer wieder findet sich die Vorstellung: &#8222;Mir geht es schon schlecht, ich kann mich doch nicht auch noch um andere k\u00fcmmern&#8220; und lehnt deshalb eine Gruppentherapie ab. Allerdings ist meiner Erfahrung nach gerade f\u00fcr jemanden, der bereits lange an einer psychischen Erkrankung leidet, wesentlich, da\u00df er sich als jemand erlebt, der etwas Wertvolles beitragen kann. Das hat vor allem zwei wichtige Auswirkungen: zum einen kommt man heraus aus einer Selbstsicht, der zufolge man selbst f\u00fcr andere nur eine Belastung ist oder andere nur verletzt; zum anderen kann ja gerade auch eine kritische R\u00fcckmeldung, die man vielleicht sonst zur\u00fcckh\u00e4lt, f\u00fcr einen Mitpatienten eine wichtige Information sein.<\/li>\n<li><strong>R\u00fcckmeldung<\/strong>: es gibt vermutlich kaum eine bessere M\u00f6glichkeit, sich zu seiner Person, seinem Auftreten und \u00e4hnlichem eine R\u00fcckmeldung einzuholen als in einer Gruppentherapie. In Bezug auf unsere Au\u00dfenwirkung sind wir oft unsicher, auch weil wir gewohnt sind, anderen ein bestimmtes Bild von uns zu vermitteln.<\/li>\n<li><strong>Sich selbst im anderen erkennen<\/strong>: jeder hat schon einmal erlebt, da\u00df jemand von einem Gef\u00fchl oder Problem gesprochen hat, das man an sich selbst vielleicht \u00e4hnlich kennt oder zumindest erahnt. \u00a0Man beginnt dann, dar\u00fcber nachzudenken, wie man selbst damit umgeht, wie man damit umgehen m\u00f6chte und welche L\u00f6sungen die anderen gefunden haben. In der Gruppentherapie ist dieser Mechanismus permanent aktiv, so da\u00df man hinsichtlich der eigenen Probleme sogar dann profitiert, wenn man nur indirekt, manchmal nur als Zuh\u00f6rer, an den Prozessen der anderen Gruppenteilnehmer beteiligt ist.<\/li>\n<li><strong>Vielf\u00e4ltige Beziehungsm\u00f6glichkeiten<\/strong>: nur in einer Gruppentherapie hat man die M\u00f6glichkeit, in einem therapeutischen Rahmen so viele unterschiedliche Beziehungen einzugehen und sie zu untersuchen. Auch angeregt durch die Erfahrungen der anderen Gruppenteilnehmer kann einem selbst deutlich werden, welche Bedeutung unsere Eltern, aber auch unsere Freunde, Verwandte, Kinder f\u00fcr uns haben und wie uns das beeinflu\u00dft.<\/li>\n<\/ul>\n<p><strong>Dr. Marcus Rasting\u00a0\u00a0 Praxis f\u00fcr Psychoanalyse und Psychotherapie<\/strong><\/p>\n<p><strong>Bismarckstrasse 51 50672 K\u00f6ln\u00a0\/ Belgisches Viertel Neustadt Nord N\u00e4he Innenstadt\u00a0<\/strong><\/p>\n<p><strong>Tel. 0221\/ 17044700 \u00a0 \u00a0www.praxis-rasting.de<\/strong><\/p>\n","protected":false},"excerpt":{"rendered":"<p>Gruppentherapie ist ein hoch wirksames Verfahren, das f\u00fcr eine Vielzahl von psychischen St\u00f6rungen und Fragestellungen geeignet ist. Viele Patienten f\u00fcrchten, da\u00df eine Gruppentherapie weniger wirksam ist, da man sozusagen den Therapeuten mit vielen Patienten zu teilen h\u00e4tte. Diese nachvollziehbare Bef\u00fcrchtung trifft nicht zu, das belegen sowohl wissenschaftliche Studien wie auch meine pers\u00f6nliche Erfahrung sowie die &hellip; <\/p>\n<p class=\"link-more\"><a href=\"http:\/\/www.praxis-rasting.de\/wordpress\/psychotherapie\/gruppenpsychotherapie\" class=\"more-link\"><span class=\"screen-reader-text\">\u201eGruppenpsychotherapie\u201c<\/span> weiterlesen<\/a><\/p>\n","protected":false},"author":1,"featured_media":0,"parent":8,"menu_order":4,"comment_status":"closed","ping_status":"closed","template":"","meta":{"footnotes":""},"class_list":["post-12","page","type-page","status-publish","hentry"],"aioseo_notices":[],"_links":{"self":[{"href":"http:\/\/www.praxis-rasting.de\/wordpress\/wp-json\/wp\/v2\/pages\/12","targetHints":{"allow":["GET"]}}],"collection":[{"href":"http:\/\/www.praxis-rasting.de\/wordpress\/wp-json\/wp\/v2\/pages"}],"about":[{"href":"http:\/\/www.praxis-rasting.de\/wordpress\/wp-json\/wp\/v2\/types\/page"}],"author":[{"embeddable":true,"href":"http:\/\/www.praxis-rasting.de\/wordpress\/wp-json\/wp\/v2\/users\/1"}],"replies":[{"embeddable":true,"href":"http:\/\/www.praxis-rasting.de\/wordpress\/wp-json\/wp\/v2\/comments?post=12"}],"version-history":[{"count":12,"href":"http:\/\/www.praxis-rasting.de\/wordpress\/wp-json\/wp\/v2\/pages\/12\/revisions"}],"predecessor-version":[{"id":281,"href":"http:\/\/www.praxis-rasting.de\/wordpress\/wp-json\/wp\/v2\/pages\/12\/revisions\/281"}],"up":[{"embeddable":true,"href":"http:\/\/www.praxis-rasting.de\/wordpress\/wp-json\/wp\/v2\/pages\/8"}],"wp:attachment":[{"href":"http:\/\/www.praxis-rasting.de\/wordpress\/wp-json\/wp\/v2\/media?parent=12"}],"curies":[{"name":"wp","href":"https:\/\/api.w.org\/{rel}","templated":true}]}}