{"id":10,"date":"2008-07-03T10:05:45","date_gmt":"2008-07-03T08:05:45","guid":{"rendered":"http:\/\/www.praxis-rasting.de\/wordpress\/?page_id=10"},"modified":"2023-02-15T13:59:06","modified_gmt":"2023-02-15T11:59:06","slug":"tiefenpsychologisch-fundierte-psychotherapie","status":"publish","type":"page","link":"http:\/\/www.praxis-rasting.de\/wordpress\/psychotherapie\/tiefenpsychologisch-fundierte-psychotherapie","title":{"rendered":"Tiefenpsychologisch-fundierte Psychotherapie"},"content":{"rendered":"<p>Tiefenpsychologisch-fundierte Psychotherapie ist eine Therapieform, die f\u00fcr eine ganze Reihe von St\u00f6rungen wie etwa \u00c4ngste, Depressionen, Zw\u00e4nge u.\u00e4. eine geeignete therapeutische Methode ist. Man f\u00fchrt sie zumeist einmal pro Woche durch, Therapeut und Patient sitzen sich gegen\u00fcber. \u00c4hnlich wie bei der Psychoanalyse wird dabei davon ausgegangen, da\u00df die aktuellen Probleme verstehbar sind vor dem Hintergrund unserer Lebens- und Beziehungsgeschichte. Gemeinsam wird erarbeitet, wie diese Lebens- und Beziehungsgeschichte in der aktuellen Situation fortwirkt.<\/p>\n<p><strong>Dr. Marcus Rasting\u00a0\u00a0 Praxis f\u00fcr Psychoanalyse und Psychotherapie<\/strong><\/p>\n<p><strong>Bismarckstrasse 51 50672 K\u00f6ln\u00a0\/ Belgisches Viertel Neustadt Nord N\u00e4he Innenstadt\u00a0<\/strong><\/p>\n<p><strong>Tel. 0221\/ 17044700 \u00a0 \u00a0www.praxis-rasting.de<\/strong><\/p>\n","protected":false},"excerpt":{"rendered":"<p>Tiefenpsychologisch-fundierte Psychotherapie ist eine Therapieform, die f\u00fcr eine ganze Reihe von St\u00f6rungen wie etwa \u00c4ngste, Depressionen, Zw\u00e4nge u.\u00e4. eine geeignete therapeutische Methode ist. Man f\u00fchrt sie zumeist einmal pro Woche durch, Therapeut und Patient sitzen sich gegen\u00fcber. \u00c4hnlich wie bei der Psychoanalyse wird dabei davon ausgegangen, da\u00df die aktuellen Probleme verstehbar sind vor dem Hintergrund &hellip; <\/p>\n<p class=\"link-more\"><a href=\"http:\/\/www.praxis-rasting.de\/wordpress\/psychotherapie\/tiefenpsychologisch-fundierte-psychotherapie\" class=\"more-link\"><span class=\"screen-reader-text\">\u201eTiefenpsychologisch-fundierte Psychotherapie\u201c<\/span> weiterlesen<\/a><\/p>\n","protected":false},"author":1,"featured_media":0,"parent":8,"menu_order":5,"comment_status":"closed","ping_status":"closed","template":"","meta":{"footnotes":""},"class_list":["post-10","page","type-page","status-publish","hentry"],"aioseo_notices":[],"_links":{"self":[{"href":"http:\/\/www.praxis-rasting.de\/wordpress\/wp-json\/wp\/v2\/pages\/10","targetHints":{"allow":["GET"]}}],"collection":[{"href":"http:\/\/www.praxis-rasting.de\/wordpress\/wp-json\/wp\/v2\/pages"}],"about":[{"href":"http:\/\/www.praxis-rasting.de\/wordpress\/wp-json\/wp\/v2\/types\/page"}],"author":[{"embeddable":true,"href":"http:\/\/www.praxis-rasting.de\/wordpress\/wp-json\/wp\/v2\/users\/1"}],"replies":[{"embeddable":true,"href":"http:\/\/www.praxis-rasting.de\/wordpress\/wp-json\/wp\/v2\/comments?post=10"}],"version-history":[{"count":8,"href":"http:\/\/www.praxis-rasting.de\/wordpress\/wp-json\/wp\/v2\/pages\/10\/revisions"}],"predecessor-version":[{"id":282,"href":"http:\/\/www.praxis-rasting.de\/wordpress\/wp-json\/wp\/v2\/pages\/10\/revisions\/282"}],"up":[{"embeddable":true,"href":"http:\/\/www.praxis-rasting.de\/wordpress\/wp-json\/wp\/v2\/pages\/8"}],"wp:attachment":[{"href":"http:\/\/www.praxis-rasting.de\/wordpress\/wp-json\/wp\/v2\/media?parent=10"}],"curies":[{"name":"wp","href":"https:\/\/api.w.org\/{rel}","templated":true}]}}